{"id":6790,"date":"2021-03-01T10:36:58","date_gmt":"2021-03-01T09:36:58","guid":{"rendered":"https:\/\/www.olmisrl.com\/cerniere-oleodinamiche-tutor-per-box-doccia\/"},"modified":"2025-07-04T10:47:02","modified_gmt":"2025-07-04T08:47:02","slug":"hydraulikscharniere-fuer-duschkabinen","status":"publish","type":"page","link":"https:\/\/www.olmisrl.com\/de\/hydraulikscharniere-fuer-duschkabinen\/","title":{"rendered":"Hydraulikscharniere f\u00fcr Duschkabinen"},"content":{"rendered":"<p><div class=\"fusion-fullwidth fullwidth-box fusion-builder-row-1 fusion-flex-container nonhundred-percent-fullwidth non-hundred-percent-height-scrolling\" style=\"--awb-border-radius-top-left:0px;--awb-border-radius-top-right:0px;--awb-border-radius-bottom-right:0px;--awb-border-radius-bottom-left:0px;--awb-padding-top:2%;--awb-padding-bottom:1%;--awb-padding-top-medium:36px;--awb-padding-bottom-medium:20px;--awb-padding-top-small:20px;--awb-padding-bottom-small:20px;--awb-background-color:#d4d4d4;--awb-flex-wrap:wrap;\" ><div class=\"fusion-builder-row fusion-row fusion-flex-align-items-flex-start fusion-flex-justify-content-center fusion-flex-content-wrap\" style=\"max-width:1372.8px;margin-left: calc(-4% \/ 2 );margin-right: calc(-4% \/ 2 );\"><div class=\"fusion-layout-column fusion_builder_column fusion-builder-column-0 fusion_builder_column_1_1 1_1 fusion-flex-column\" style=\"--awb-bg-size:cover;--awb-width-large:100%;--awb-margin-top-large:20px;--awb-spacing-right-large:1.92%;--awb-margin-bottom-large:20px;--awb-spacing-left-large:1.92%;--awb-width-medium:100%;--awb-order-medium:0;--awb-spacing-right-medium:1.92%;--awb-spacing-left-medium:1.92%;--awb-width-small:100%;--awb-order-small:0;--awb-spacing-right-small:1.92%;--awb-spacing-left-small:1.92%;\"><div class=\"fusion-column-wrapper fusion-column-has-shadow fusion-flex-justify-content-flex-start fusion-content-layout-column\"><div class=\"fusion-title title fusion-title-1 fusion-sep-none fusion-title-text fusion-title-size-one\" style=\"--awb-text-color:#ffffff;\"><h1 class=\"fusion-title-heading title-heading-left fusion-responsive-typography-calculated\" style=\"margin:0;--fontSize:40;line-height:1.12;\">Hydraulikscharniere f\u00fcr Duschkabinen<\/h1><\/div><\/div><\/div><\/div><\/div><div class=\"fusion-fullwidth fullwidth-box fusion-builder-row-2 fusion-flex-container has-pattern-background has-mask-background nonhundred-percent-fullwidth non-hundred-percent-height-scrolling\" style=\"--awb-border-radius-top-left:0px;--awb-border-radius-top-right:0px;--awb-border-radius-bottom-right:0px;--awb-border-radius-bottom-left:0px;--awb-background-color:#f9f9f9;--awb-flex-wrap:wrap;\" ><div class=\"fusion-builder-row fusion-row fusion-flex-align-items-flex-start fusion-flex-content-wrap\" style=\"max-width:1372.8px;margin-left: calc(-4% \/ 2 );margin-right: calc(-4% \/ 2 );\"><div class=\"fusion-layout-column fusion_builder_column fusion-builder-column-1 fusion_builder_column_1_1 1_1 fusion-flex-column\" style=\"--awb-bg-size:cover;--awb-width-large:100%;--awb-margin-top-large:20px;--awb-spacing-right-large:1.92%;--awb-margin-bottom-large:20px;--awb-spacing-left-large:1.92%;--awb-width-medium:100%;--awb-order-medium:0;--awb-spacing-right-medium:1.92%;--awb-spacing-left-medium:1.92%;--awb-width-small:100%;--awb-order-small:0;--awb-spacing-right-small:1.92%;--awb-spacing-left-small:1.92%;\"><div class=\"fusion-column-wrapper fusion-column-has-shadow fusion-flex-justify-content-flex-start fusion-content-layout-column\"><nav class=\"fusion-breadcrumbs awb-yoast-breadcrumbs fusion-breadcrumbs-1\" style=\"--awb-text-hover-color:#6ba4b8;--awb-text-color:rgba(84,86,86,0.8);--awb-breadcrumb-sep:&#039;\/&#039;;\" aria-label=\"Breadcrumb\"><ol class=\"awb-breadcrumb-list\"><\/ol><\/nav><\/div><\/div><\/div><\/div><div class=\"fusion-fullwidth fullwidth-box fusion-builder-row-3 fusion-flex-container nonhundred-percent-fullwidth non-hundred-percent-height-scrolling\" style=\"--awb-border-radius-top-left:0px;--awb-border-radius-top-right:0px;--awb-border-radius-bottom-right:0px;--awb-border-radius-bottom-left:0px;--awb-padding-top:2%;--awb-padding-bottom:2%;--awb-padding-right-medium:24px;--awb-padding-left-medium:24px;--awb-background-color:#ffffff;--awb-background-image:linear-gradient(216deg, rgba(255,255,255,0) 0%,#ffffff 100%);--awb-flex-wrap:wrap;\" ><div class=\"fusion-builder-row fusion-row fusion-flex-align-items-center fusion-flex-content-wrap\" style=\"max-width:1372.8px;margin-left: calc(-4% \/ 2 );margin-right: calc(-4% \/ 2 );\"><div class=\"fusion-layout-column fusion_builder_column fusion-builder-column-2 fusion_builder_column_1_2 1_2 fusion-flex-column\" style=\"--awb-bg-size:cover;--awb-width-large:50%;--awb-margin-top-large:20px;--awb-spacing-right-large:7.68%;--awb-margin-bottom-large:0px;--awb-spacing-left-large:3.84%;--awb-width-medium:100%;--awb-order-medium:0;--awb-spacing-right-medium:3.84%;--awb-spacing-left-medium:1.92%;--awb-width-small:100%;--awb-order-small:0;--awb-spacing-right-small:3.84%;--awb-margin-bottom-small:30px;--awb-spacing-left-small:1.92%;\"><div class=\"fusion-column-wrapper fusion-column-has-shadow fusion-flex-justify-content-flex-start fusion-content-layout-column\"><div class=\"fusion-title title fusion-title-2 fusion-sep-none fusion-title-text fusion-title-size-two uppercase\" style=\"--awb-margin-top:6px;\"><h2 class=\"fusion-title-heading title-heading-left fusion-responsive-typography-calculated\" style=\"margin:0;--fontSize:25;line-height:1.26;\">Patentierte Befestigungssysteme f\u00fcr Glas<\/h2><\/div><div class=\"fusion-separator\" style=\"align-self: flex-start;margin-right:auto;margin-top:16px;margin-bottom:40px;width:100%;max-width:100px;\"><div class=\"fusion-separator-border sep-single sep-solid\" style=\"--awb-height:20px;--awb-amount:20px;--awb-sep-color:#6ba4b8;border-color:#6ba4b8;border-top-width:2px;\"><\/div><\/div><div class=\"fusion-text fusion-text-1\"><p>Unsere Schlie\u00dfsysteme f\u00fcr Duschabtrennungen k\u00f6nnen vollst\u00e4ndig in die Glasfl\u00fcgelt\u00fcren integriert werden. Das Design, raffiniert und minimalistisch, tr\u00e4gt dazu bei, Produkte mit einer starken \u00e4sthetischen Konnotation zu schaffen, ohne die Funktionalit\u00e4t und Haltbarkeit zu vernachl\u00e4ssigen.<\/p>\n<\/div><\/div><\/div><div class=\"fusion-layout-column fusion_builder_column fusion-builder-column-3 fusion_builder_column_1_2 1_2 fusion-flex-column\" style=\"--awb-bg-size:cover;--awb-width-large:50%;--awb-margin-top-large:20px;--awb-spacing-right-large:3.84%;--awb-margin-bottom-large:20px;--awb-spacing-left-large:3.84%;--awb-width-medium:100%;--awb-order-medium:0;--awb-spacing-right-medium:1.92%;--awb-spacing-left-medium:1.92%;--awb-width-small:100%;--awb-order-small:0;--awb-spacing-right-small:1.92%;--awb-spacing-left-small:1.92%;\"><div class=\"fusion-column-wrapper fusion-column-has-shadow fusion-flex-justify-content-flex-start fusion-content-layout-column\"><div class=\"fusion-image-element \" style=\"--awb-caption-title-font-family:var(--h2_typography-font-family);--awb-caption-title-font-weight:var(--h2_typography-font-weight);--awb-caption-title-font-style:var(--h2_typography-font-style);--awb-caption-title-size:var(--h2_typography-font-size);--awb-caption-title-transform:var(--h2_typography-text-transform);--awb-caption-title-line-height:var(--h2_typography-line-height);--awb-caption-title-letter-spacing:var(--h2_typography-letter-spacing);\"><span class=\" fusion-imageframe imageframe-none imageframe-1 hover-type-none\" style=\"border:1px solid #e8e8e8;\"><img decoding=\"async\" width=\"1280\" height=\"854\" title=\"cerniere-box-doccia\" src=\"https:\/\/www.olmisrl.com\/wp-content\/uploads\/2021\/04\/cerniere-box-doccia.jpg\" data-orig-src=\"https:\/\/www.olmisrl.com\/wp-content\/uploads\/2021\/04\/cerniere-box-doccia.jpg\" alt class=\"lazyload img-responsive wp-image-6295\" srcset=\"data:image\/svg+xml,%3Csvg%20xmlns%3D%27http%3A%2F%2Fwww.w3.org%2F2000%2Fsvg%27%20width%3D%271280%27%20height%3D%27854%27%20viewBox%3D%270%200%201280%20854%27%3E%3Crect%20width%3D%271280%27%20height%3D%27854%27%20fill-opacity%3D%220%22%2F%3E%3C%2Fsvg%3E\" data-srcset=\"https:\/\/www.olmisrl.com\/wp-content\/uploads\/2021\/04\/cerniere-box-doccia-200x133.jpg 200w, https:\/\/www.olmisrl.com\/wp-content\/uploads\/2021\/04\/cerniere-box-doccia-400x267.jpg 400w, https:\/\/www.olmisrl.com\/wp-content\/uploads\/2021\/04\/cerniere-box-doccia-600x400.jpg 600w, https:\/\/www.olmisrl.com\/wp-content\/uploads\/2021\/04\/cerniere-box-doccia-800x534.jpg 800w, https:\/\/www.olmisrl.com\/wp-content\/uploads\/2021\/04\/cerniere-box-doccia-1200x801.jpg 1200w, https:\/\/www.olmisrl.com\/wp-content\/uploads\/2021\/04\/cerniere-box-doccia.jpg 1280w\" data-sizes=\"auto\" data-orig-sizes=\"(max-width: 640px) 100vw, 800px\" \/><\/span><\/div><\/div><\/div><\/div><\/div><div class=\"fusion-fullwidth fullwidth-box fusion-builder-row-4 fusion-flex-container nonhundred-percent-fullwidth non-hundred-percent-height-scrolling\" style=\"--awb-border-radius-top-left:0px;--awb-border-radius-top-right:0px;--awb-border-radius-bottom-right:0px;--awb-border-radius-bottom-left:0px;--awb-padding-top:2%;--awb-padding-bottom:2%;--awb-padding-bottom-medium:52px;--awb-padding-top-small:40px;--awb-padding-bottom-small:24px;--awb-background-color:#f9f9f9;--awb-flex-wrap:wrap;\" ><div class=\"fusion-builder-row fusion-row fusion-flex-align-items-stretch fusion-flex-justify-content-center fusion-flex-content-wrap\" style=\"max-width:1372.8px;margin-left: calc(-4% \/ 2 );margin-right: calc(-4% \/ 2 );\"><div class=\"fusion-layout-column fusion_builder_column fusion-builder-column-4 fusion_builder_column_1_4 1_4 fusion-flex-column fusion-flex-align-self-stretch\" style=\"--awb-padding-bottom:2px;--awb-padding-top-medium:0px;--awb-padding-right-medium:0px;--awb-padding-bottom-medium:2px;--awb-padding-left-medium:0px;--awb-padding-top-small:0px;--awb-padding-right-small:0px;--awb-padding-bottom-small:2px;--awb-padding-left-small:0px;--awb-bg-color:#ffffff;--awb-bg-color-hover:#ffffff;--awb-bg-size:cover;--awb-box-shadow:0px 12px 32px -10px rgba(0,0,0,0.1);;--awb-border-color:rgba(0,0,0,0.05);--awb-border-style:solid;--awb-width-large:25%;--awb-margin-top-large:20px;--awb-spacing-right-large:10px;--awb-margin-bottom-large:20px;--awb-spacing-left-large:10px;--awb-width-medium:50%;--awb-order-medium:0;--awb-spacing-right-medium:5px;--awb-spacing-left-medium:5px;--awb-width-small:100%;--awb-order-small:0;--awb-spacing-right-small:0.96%;--awb-spacing-left-small:0.96%;\"><div class=\"fusion-column-wrapper fusion-column-has-shadow fusion-flex-justify-content-space-between fusion-content-layout-column\"><div class=\"fusion-image-element \" style=\"--awb-margin-bottom:20px;--awb-caption-title-font-family:var(--h2_typography-font-family);--awb-caption-title-font-weight:var(--h2_typography-font-weight);--awb-caption-title-font-style:var(--h2_typography-font-style);--awb-caption-title-size:var(--h2_typography-font-size);--awb-caption-title-transform:var(--h2_typography-text-transform);--awb-caption-title-line-height:var(--h2_typography-line-height);--awb-caption-title-letter-spacing:var(--h2_typography-letter-spacing);--awb-filter:opacity(100%);--awb-filter-transition:filter 0.3s ease;--awb-filter-hover:opacity(50%);\"><span class=\" fusion-imageframe imageframe-none imageframe-2 hover-type-none\" style=\"border:1px solid #e8e8e8;\"><a class=\"fusion-no-lightbox\" href=\"https:\/\/www.olmisrl.com\/de\/hydraulikscharniere-fuer-duschkabinen\/fw-50-90-sc\/\" target=\"_self\" aria-label=\"anteprima-fusion-shower\"><img decoding=\"async\" width=\"1280\" height=\"853\" src=\"https:\/\/www.olmisrl.com\/wp-content\/uploads\/2022\/10\/anteprima-fusion-shower.jpg\" data-orig-src=\"https:\/\/www.olmisrl.com\/wp-content\/uploads\/2022\/10\/anteprima-fusion-shower.jpg\" alt class=\"lazyload img-responsive wp-image-12264\" srcset=\"data:image\/svg+xml,%3Csvg%20xmlns%3D%27http%3A%2F%2Fwww.w3.org%2F2000%2Fsvg%27%20width%3D%271280%27%20height%3D%27853%27%20viewBox%3D%270%200%201280%20853%27%3E%3Crect%20width%3D%271280%27%20height%3D%27853%27%20fill-opacity%3D%220%22%2F%3E%3C%2Fsvg%3E\" data-srcset=\"https:\/\/www.olmisrl.com\/wp-content\/uploads\/2022\/10\/anteprima-fusion-shower-200x133.jpg 200w, https:\/\/www.olmisrl.com\/wp-content\/uploads\/2022\/10\/anteprima-fusion-shower-400x267.jpg 400w, https:\/\/www.olmisrl.com\/wp-content\/uploads\/2022\/10\/anteprima-fusion-shower-600x400.jpg 600w, https:\/\/www.olmisrl.com\/wp-content\/uploads\/2022\/10\/anteprima-fusion-shower-800x533.jpg 800w, https:\/\/www.olmisrl.com\/wp-content\/uploads\/2022\/10\/anteprima-fusion-shower-1200x800.jpg 1200w, https:\/\/www.olmisrl.com\/wp-content\/uploads\/2022\/10\/anteprima-fusion-shower.jpg 1280w\" data-sizes=\"auto\" data-orig-sizes=\"(max-width: 640px) 100vw, 400px\" \/><\/a><\/span><\/div><div class=\"fusion-title title fusion-title-3 fusion-sep-none fusion-title-center fusion-title-text fusion-title-size-four\" style=\"--awb-margin-top:5px;--awb-margin-bottom:5px;--awb-margin-top-small:0px;--awb-margin-bottom-small:0px;--awb-margin-top-medium:0px;--awb-margin-bottom-medium:0px;--awb-font-size:18px;\"><h4 class=\"fusion-title-heading title-heading-center fusion-responsive-typography-calculated\" style=\"margin:0;font-size:1em;--fontSize:18;--minFontSize:18;line-height:1.4;\">FW50 90 SC SHOWER<\/h4><\/div><div class=\"fusion-separator\" style=\"align-self: center;margin-left: auto;margin-right: auto;margin-top:16px;margin-bottom:20px;width:100%;max-width:100px;\"><div class=\"fusion-separator-border sep-single sep-solid\" style=\"--awb-height:20px;--awb-amount:20px;--awb-sep-color:#e8e8e8;border-color:#e8e8e8;border-top-width:2px;\"><\/div><\/div><div class=\"fusion-text fusion-text-2 didascaliabox\" style=\"--awb-content-alignment:center;--awb-font-size:15px;\"><p>F\u00fcr Glas-Fl\u00fcgelt\u00fcren<\/p>\n<\/div><div style=\"text-align:center;\"><a class=\"fusion-button button-flat button-medium button-custom fusion-button-default button-1 fusion-button-default-span fusion-button-default-type\" style=\"--button_accent_color:#6ba4b8;--button_border_color:rgba(118,197,189,0);--button_accent_hover_color:#7ea8b7;--button_border_hover_color:rgba(33,196,180,0);--button_gradient_top_color:rgba(118,197,189,0);--button_gradient_bottom_color:rgba(118,197,189,0);--button_gradient_top_color_hover:rgba(33,196,180,0);--button_gradient_bottom_color_hover:rgba(33,196,180,0);--button_margin-bottom:15px;\" target=\"_self\" href=\"https:\/\/www.olmisrl.com\/de\/hydraulikscharniere-fuer-duschkabinen\/fw-50-90-sc\/\"><span class=\"fusion-button-text awb-button__text awb-button__text--default\">ENTDECKEN SIE MEHR<\/span><i class=\"fa-angle-right fas awb-button__icon awb-button__icon--default button-icon-right\" aria-hidden=\"true\"><\/i><\/a><\/div><\/div><\/div><\/div><\/div><\/p>\n","protected":false},"excerpt":{"rendered":"","protected":false},"author":1,"featured_media":0,"parent":0,"menu_order":0,"comment_status":"closed","ping_status":"closed","template":"100-width.php","meta":{"_monsterinsights_skip_tracking":false,"_monsterinsights_sitenote_active":false,"_monsterinsights_sitenote_note":"","_monsterinsights_sitenote_category":0,"footnotes":""},"class_list":["post-6790","page","type-page","status-publish","hentry"],"yoast_head":"<!-- This site is optimized with the Yoast SEO plugin v26.1.1 - https:\/\/yoast.com\/wordpress\/plugins\/seo\/ -->\n<title>Hydraulikscharniere f\u00fcr Duschkabinen - OL.MI Srl<\/title>\n<meta name=\"robots\" content=\"index, follow, max-snippet:-1, max-image-preview:large, max-video-preview:-1\" \/>\n<link rel=\"canonical\" href=\"https:\/\/www.olmisrl.com\/de\/hydraulikscharniere-fuer-duschkabinen\/\" \/>\n<meta property=\"og:locale\" content=\"de_DE\" \/>\n<meta property=\"og:type\" content=\"article\" \/>\n<meta property=\"og:title\" content=\"Hydraulikscharniere f\u00fcr Duschkabinen - OL.MI Srl\" \/>\n<meta property=\"og:url\" content=\"https:\/\/www.olmisrl.com\/de\/hydraulikscharniere-fuer-duschkabinen\/\" \/>\n<meta property=\"og:site_name\" content=\"OL.MI Srl\" \/>\n<meta property=\"article:modified_time\" content=\"2025-07-04T08:47:02+00:00\" \/>\n<meta name=\"twitter:card\" content=\"summary_large_image\" \/>\n<meta name=\"twitter:label1\" content=\"Gesch\u00e4tzte Lesezeit\" \/>\n\t<meta name=\"twitter:data1\" content=\"8\u00a0Minuten\" \/>\n<script type=\"application\/ld+json\" class=\"yoast-schema-graph\">{\"@context\":\"https:\/\/schema.org\",\"@graph\":[{\"@type\":\"WebPage\",\"@id\":\"https:\/\/www.olmisrl.com\/de\/hydraulikscharniere-fuer-duschkabinen\/\",\"url\":\"https:\/\/www.olmisrl.com\/de\/hydraulikscharniere-fuer-duschkabinen\/\",\"name\":\"Hydraulikscharniere f\u00fcr Duschkabinen - OL.MI Srl\",\"isPartOf\":{\"@id\":\"https:\/\/www.olmisrl.com\/de\/#website\"},\"datePublished\":\"2021-03-01T09:36:58+00:00\",\"dateModified\":\"2025-07-04T08:47:02+00:00\",\"breadcrumb\":{\"@id\":\"https:\/\/www.olmisrl.com\/de\/hydraulikscharniere-fuer-duschkabinen\/#breadcrumb\"},\"inLanguage\":\"de\",\"potentialAction\":[{\"@type\":\"ReadAction\",\"target\":[\"https:\/\/www.olmisrl.com\/de\/hydraulikscharniere-fuer-duschkabinen\/\"]}]},{\"@type\":\"BreadcrumbList\",\"@id\":\"https:\/\/www.olmisrl.com\/de\/hydraulikscharniere-fuer-duschkabinen\/#breadcrumb\",\"itemListElement\":[{\"@type\":\"ListItem\",\"position\":1,\"name\":\"Home\",\"item\":\"https:\/\/www.olmisrl.com\/de\/\"},{\"@type\":\"ListItem\",\"position\":2,\"name\":\"Hydraulikscharniere f\u00fcr Duschkabinen\"}]},{\"@type\":\"WebSite\",\"@id\":\"https:\/\/www.olmisrl.com\/de\/#website\",\"url\":\"https:\/\/www.olmisrl.com\/de\/\",\"name\":\"OL.MI Srl\",\"description\":\"Innovazioni tecnologiche\",\"potentialAction\":[{\"@type\":\"SearchAction\",\"target\":{\"@type\":\"EntryPoint\",\"urlTemplate\":\"https:\/\/www.olmisrl.com\/de\/?s={search_term_string}\"},\"query-input\":{\"@type\":\"PropertyValueSpecification\",\"valueRequired\":true,\"valueName\":\"search_term_string\"}}],\"inLanguage\":\"de\"}]}<\/script>\n<!-- \/ Yoast SEO plugin. -->","yoast_head_json":{"title":"Hydraulikscharniere f\u00fcr Duschkabinen - OL.MI Srl","robots":{"index":"index","follow":"follow","max-snippet":"max-snippet:-1","max-image-preview":"max-image-preview:large","max-video-preview":"max-video-preview:-1"},"canonical":"https:\/\/www.olmisrl.com\/de\/hydraulikscharniere-fuer-duschkabinen\/","og_locale":"de_DE","og_type":"article","og_title":"Hydraulikscharniere f\u00fcr Duschkabinen - OL.MI Srl","og_url":"https:\/\/www.olmisrl.com\/de\/hydraulikscharniere-fuer-duschkabinen\/","og_site_name":"OL.MI Srl","article_modified_time":"2025-07-04T08:47:02+00:00","twitter_card":"summary_large_image","twitter_misc":{"Gesch\u00e4tzte Lesezeit":"8\u00a0Minuten"},"schema":{"@context":"https:\/\/schema.org","@graph":[{"@type":"WebPage","@id":"https:\/\/www.olmisrl.com\/de\/hydraulikscharniere-fuer-duschkabinen\/","url":"https:\/\/www.olmisrl.com\/de\/hydraulikscharniere-fuer-duschkabinen\/","name":"Hydraulikscharniere f\u00fcr Duschkabinen - OL.MI Srl","isPartOf":{"@id":"https:\/\/www.olmisrl.com\/de\/#website"},"datePublished":"2021-03-01T09:36:58+00:00","dateModified":"2025-07-04T08:47:02+00:00","breadcrumb":{"@id":"https:\/\/www.olmisrl.com\/de\/hydraulikscharniere-fuer-duschkabinen\/#breadcrumb"},"inLanguage":"de","potentialAction":[{"@type":"ReadAction","target":["https:\/\/www.olmisrl.com\/de\/hydraulikscharniere-fuer-duschkabinen\/"]}]},{"@type":"BreadcrumbList","@id":"https:\/\/www.olmisrl.com\/de\/hydraulikscharniere-fuer-duschkabinen\/#breadcrumb","itemListElement":[{"@type":"ListItem","position":1,"name":"Home","item":"https:\/\/www.olmisrl.com\/de\/"},{"@type":"ListItem","position":2,"name":"Hydraulikscharniere f\u00fcr Duschkabinen"}]},{"@type":"WebSite","@id":"https:\/\/www.olmisrl.com\/de\/#website","url":"https:\/\/www.olmisrl.com\/de\/","name":"OL.MI Srl","description":"Innovazioni tecnologiche","potentialAction":[{"@type":"SearchAction","target":{"@type":"EntryPoint","urlTemplate":"https:\/\/www.olmisrl.com\/de\/?s={search_term_string}"},"query-input":{"@type":"PropertyValueSpecification","valueRequired":true,"valueName":"search_term_string"}}],"inLanguage":"de"}]}},"publishpress_future_action":{"enabled":false,"date":"2026-05-14 14:02:46","action":"change-status","newStatus":"draft","terms":[],"taxonomy":"translation_priority","extraData":[]},"publishpress_future_workflow_manual_trigger":{"enabledWorkflows":[]},"_links":{"self":[{"href":"https:\/\/www.olmisrl.com\/de\/wp-json\/wp\/v2\/pages\/6790","targetHints":{"allow":["GET"]}}],"collection":[{"href":"https:\/\/www.olmisrl.com\/de\/wp-json\/wp\/v2\/pages"}],"about":[{"href":"https:\/\/www.olmisrl.com\/de\/wp-json\/wp\/v2\/types\/page"}],"author":[{"embeddable":true,"href":"https:\/\/www.olmisrl.com\/de\/wp-json\/wp\/v2\/users\/1"}],"replies":[{"embeddable":true,"href":"https:\/\/www.olmisrl.com\/de\/wp-json\/wp\/v2\/comments?post=6790"}],"version-history":[{"count":12,"href":"https:\/\/www.olmisrl.com\/de\/wp-json\/wp\/v2\/pages\/6790\/revisions"}],"predecessor-version":[{"id":18376,"href":"https:\/\/www.olmisrl.com\/de\/wp-json\/wp\/v2\/pages\/6790\/revisions\/18376"}],"wp:attachment":[{"href":"https:\/\/www.olmisrl.com\/de\/wp-json\/wp\/v2\/media?parent=6790"}],"curies":[{"name":"wp","href":"https:\/\/api.w.org\/{rel}","templated":true}]}}